{"id":7,"date":"2021-07-15T10:53:25","date_gmt":"2021-07-15T10:53:25","guid":{"rendered":"https:\/\/dd-engineering.rs\/en\/?page_id=7"},"modified":"2022-06-10T21:04:03","modified_gmt":"2022-06-10T21:04:03","slug":"company","status":"publish","type":"page","link":"https:\/\/dd-engineering.rs\/en\/company\/","title":{"rendered":"Company"},"content":{"rendered":"<p>&nbsp;<\/p>\n<p><main id=\"main\">&nbsp;<\/p>\n<section class=\"services grey\">\n<div class=\"container\">\n<div class=\"row\">\n<div class=\"section-title\">\n<h2 class=\"text-center mb-3\" data-aos=\"fade-up\">About <strong>us<\/strong><\/h2>\n<p data-aos=\"fade-up m-4 text-center\">DD Engineering Solutions was founded on May 23<sup>rd<\/sup>, 2019. The company is represented by 2 graduate mechanical engineers with twenty years of experience in the maintenance and exploitation of machines, vehicles and plants for earthworks, concrete and asphalt works.<\/p>\n<\/div>\n<\/div>\n<div class=\"row mt-4 mb-4\">\n<div class=\"col-lg-4 col-md-6\"><img decoding=\"async\" class=\"img-res2\" src=\"https:\/\/www.dd-engineering.rs\/assets\/kompanija1.jpg\"><\/div>\n<div class=\"col-lg-4 col-md-6\"><img decoding=\"async\" class=\"img-res2\" src=\"https:\/\/www.dd-engineering.rs\/assets\/kompanija5.jpg\">&nbsp;<\/p>\n<\/div>\n<div class=\"col-lg-4 col-md-6\"><img decoding=\"async\" class=\"img-res2\" src=\"https:\/\/www.dd-engineering.rs\/assets\/kompanija3.jpg\"><\/div>\n<\/div>\n<p><!--\n\n\n<div class=\"row mt-4\">\n\n\n<div class=\"col-lg-4 col-md-6\">\n           <img decoding=\"async\" src=\"https:\/\/www.dd-engineering.rs\/assets\/proizvodi1.jpg\" class=\"img-res2\"><\/div>\n\n\n\n\n<div class=\"col-lg-4 col-md-6\">\n          <img decoding=\"async\" src=\"https:\/\/www.dd-engineering.rs\/assets\/proizvodi2.jpg\" class=\"img-res2\"><\/div>\n\n\n\n\n<div class=\"col-lg-4 col-md-6\">\n          <img decoding=\"async\" src=\"https:\/\/www.dd-engineering.rs\/assets\/proizvodi3.jpg\" class=\"img-res2\"><\/div>\n\n\n<\/div>\n\n\n--><\/p>\n<\/div>\n<\/section>\n<p><!-- End Services Section --><\/p>\n<section class=\"services\">\n<div class=\"container\">\n<div class=\"row\">\n<div class=\"section-title\">\n<h2 class=\"text-center mb-3\" data-aos=\"fade-up\">Our <strong>activity<\/strong><\/h2>\n<p class=\"mt-2\" data-aos=\"fade-up\">The company&#8217;s activity is based on the <strong>sales of used construction machinery<\/strong>, <strong>foreign companies<\/strong> representation, providing <strong>plants installation and dismantling services <\/strong> (asphalt and concrete plants, crushing plants).<\/p>\n<\/div>\n<\/div>\n<div class=\"row mt-4 mb-4\">\n<div class=\"col-lg-4 col-md-6\"><img decoding=\"async\" class=\"img-res2\" src=\"https:\/\/www.dd-engineering.rs\/assets\/kompanija4.jpg\"><\/div>\n<div class=\"col-lg-4 col-md-6\"><img decoding=\"async\" class=\"img-res2\" src=\"https:\/\/www.dd-engineering.rs\/assets\/kompanija2.jpg\">&nbsp;<\/p>\n<\/div>\n<div class=\"col-lg-4 col-md-6\"><img decoding=\"async\" class=\"img-res2\" src=\"https:\/\/www.dd-engineering.rs\/assets\/kompanija6.jpg\"><\/div>\n<\/div>\n<p><!--\n\n\n<div class=\"row mt-4\">\n\n\n<div class=\"col-lg-4 col-md-6\">\n           <img decoding=\"async\" src=\"https:\/\/www.dd-engineering.rs\/assets\/proizvodi1.jpg\" class=\"img-res2\"><\/div>\n\n\n\n\n<div class=\"col-lg-4 col-md-6\">\n          <img decoding=\"async\" src=\"https:\/\/www.dd-engineering.rs\/assets\/proizvodi2.jpg\" class=\"img-res2\"><\/div>\n\n\n\n\n<div class=\"col-lg-4 col-md-6\">\n          <img decoding=\"async\" src=\"https:\/\/www.dd-engineering.rs\/assets\/proizvodi3.jpg\" class=\"img-res2\"><\/div>\n\n\n<\/div>\n\n\n--><\/p>\n<\/div>\n<\/section>\n<p><!-- End Services Section --><br \/>\n<!--\/NOVI--><br \/>\n<!-- ======= About Us Section ======= --><br \/>\n<!--\n\n\n\n<section class=\"about-us\">\n\n\n<div class=\"container\">\n\n\n<div class=\"row no-gutters pt-4 pb-4\">\n\n\n<div class=\"col-lg-6 col-sm-12\"><img decoding=\"async\" src=\"https:\/\/www.dd-engineering.rs\/assets\/img\/o-nama1.jpg\" class=\"img-res2\"><\/div>\n\n\n\n\n<div class=\"col-lg-6 col-sm-12\">\n\n\n<h3 data-aos=\"fade-up\">O nama<\/h3>\n\n\n\n\n<p data-aos=\"fade-up m-4\">\n                Kompanija DD Engineering Solutions je osnovana 23.05.2019. godine. Iza kompanije stoje 2 diplomirana ma\u0161inska in\u017eenjera sa dvadesetogodi\u0161njim iskustvom u poslovima odr\u017eavanja i pra\u0107enja eksploatacije ma\u0161ina, vozila i postrojenja za zemljane, betonske i asfaltne radove.<\/p>\n\n\n\n\n<p data-aos=\"fade-up\" class=\"mt-2\">Delatnost kompanije je <strong>prodaja polovne gra\u0111evinske mehanizacije<\/strong>, zastupanje <strong>stranih kompanija<\/strong>, pru\u017eanje usluga <strong>monta\u017ee i demonta\u017ee postrojenja<\/strong> (asfaltne i betonske baze, drobili\u010dna postrojenja).<\/p>\n\n\n\n<\/div>\n\n\n<\/div>\n\n\n<\/div>\n\n\n<\/section>\n\n\n\n--><!-- End About Us Section --><\/p>\n<section class=\"about-us grey\">\n<div class=\"container\">\n<div class=\"row pt-4 pb-4\">\n<div class=\"col-lg-6 col-sm-12\">\n<p data-aos=\"fade-up m-4\">We represent the Turkish company <strong>Elkon<\/strong>, the largest European manufacturer of concrete plants. Elkon also has stationary concrete pumps in its production program, as well as machines for making concrete blocks and behaton slabs.<\/p>\n<p>Representing the English company <strong>Prodem<\/strong>, which produces hydraulic attachments (hydraulic hammers, hydraulic vibro plates, grapples, rotary screens &#8230;) for machines (mainly for excavators and backhoe loaders).<\/p>\n<p>Representatives of the Italian company <strong>Lotus<\/strong>, a manufacturer of aluminum loading pads and platforms with a load capacity of up to 22 tons.<\/p>\n<\/div>\n<div class=\"col-lg-6 col-sm-12\"><img decoding=\"async\" class=\"img-res2\" src=\"https:\/\/www.dd-engineering.rs\/assets\/img\/o-nama2.jpg\"><\/div>\n<\/div>\n<\/div>\n<\/section>\n<p><!-- End About Us Section --><\/p>\n<section class=\"about-us\">\n<div class=\"container\">\n<div class=\"row pt-4 pb-4\">\n<div class=\"col-lg-6 col-sm-12\"><img decoding=\"async\" class=\"img-res2\" src=\"https:\/\/www.dd-engineering.rs\/assets\/img\/o-nama3.jpg\"><\/div>\n<div class=\"col-lg-6 col-sm-12\">\n<p data-aos=\"fade-up m-4\">Like to say for ourselves that we are engineers, not traders. Trade to provide carefree life for our families. Will never offer you a product that we ourselves would not want to buy if we were in your place, in the role of customer.<\/p>\n<p data-aos=\"fade-up m-4\">Our policy is not to buy used equipment at auctions and through advertisements, but exclusively from verified suppliers, with prior inspection and testing.<\/p>\n<\/div>\n<\/div>\n<\/div>\n<\/section>\n<p><!-- End About Us Section --><\/p>\n<p><!--reference--><\/p>\n<section id=\"clients\" class=\"clients grey\">\n<div class=\"container\">\n<div class=\"section-title aos-init aos-animate\" data-aos=\"fade-up\">\n<h2 class=\"mb-3\">Our <strong>references<\/strong><\/h2>\n<\/div>\n<p class=\"text-center mb-0\">To date, we have sold over <strong>40 construction machines<\/strong> and about <strong>10 vehicles<\/strong>, as well as <strong>6 concrete plants<\/strong> and more than <strong>80 loading ramps<\/strong>.<\/p>\n<p class=\"text-center mb-5\">We have done several assemblies and dismantles of concrete and asphalt plants and the assembly of a crushing plant in Div\u010dibare.<\/p>\n<div class=\"row no-gutters clients-wrap clearfix aos-init aos-animate\" data-aos=\"fade-up\">\n<div class=\"col-lg-4 col-md-4 col-xs-6\">\n<div class=\"client-logo\">\n<div><img decoding=\"async\" class=\"img-fluid\" src=\"https:\/\/www.dd-engineering.rs\/assets\/Aqua-Mont-Service.png\" alt=\"\"><\/div>\n<div>\n<p>Aqua Mont Service<\/p>\n<\/div>\n<\/div>\n<\/div>\n<div class=\"col-lg-4 col-md-4 col-xs-6\">\n<div class=\"client-logo\">\n<div><img decoding=\"async\" class=\"img-fluid\" src=\"https:\/\/www.dd-engineering.rs\/assets\/Azvirt-ogranak-Beograd.png\" alt=\"\"><\/div>\n<div>\n<p>Azvirt ogranak Beograd<\/p>\n<\/div>\n<\/div>\n<\/div>\n<div class=\"col-lg-4 col-md-4 col-xs-6\">\n<div class=\"client-logo\">\n<div><img decoding=\"async\" class=\"img-fluid\" src=\"https:\/\/www.dd-engineering.rs\/assets\/Beogeoaqua.png\" alt=\"\"><\/div>\n<div>\n<p>Beogeoaqua<\/p>\n<\/div>\n<\/div>\n<\/div>\n<div class=\"col-lg-4 col-md-4 col-xs-6\">\n<div class=\"client-logo\">\n<div><img decoding=\"async\" class=\"img-fluid\" src=\"https:\/\/www.dd-engineering.rs\/assets\/Bo-Bo-Beograd.png\" alt=\"\"><\/div>\n<div>\n<p>Bo Bo Beograd<\/p>\n<\/div>\n<\/div>\n<\/div>\n<div class=\"col-lg-4 col-md-4 col-xs-6\">\n<div class=\"client-logo\">\n<div><img decoding=\"async\" class=\"img-fluid\" src=\"https:\/\/www.dd-engineering.rs\/assets\/Edelinski-doo-Ruski-Krstur.png\" alt=\"\"><\/div>\n<div>\n<p>Edelinski doo Ruski Krstur<\/p>\n<\/div>\n<\/div>\n<\/div>\n<div class=\"col-lg-4 col-md-4 col-xs-6\">\n<div class=\"client-logo\">\n<div><img decoding=\"async\" class=\"img-fluid\" src=\"https:\/\/www.dd-engineering.rs\/assets\/Gemax.png\" alt=\"\"><\/div>\n<div>\n<p>Gemax<\/p>\n<\/div>\n<\/div>\n<\/div>\n<div class=\"col-lg-4 col-md-4 col-xs-6\">\n<div class=\"client-logo\">\n<div><img decoding=\"async\" class=\"img-fluid\" src=\"https:\/\/www.dd-engineering.rs\/assets\/Ginko-Pozega.png\" alt=\"\"><\/div>\n<div>\n<p>Ginko Po\u017eega<\/p>\n<\/div>\n<\/div>\n<\/div>\n<div class=\"col-lg-4 col-md-4 col-xs-6\">\n<div class=\"client-logo\">\n<div><img decoding=\"async\" class=\"img-fluid\" src=\"https:\/\/www.dd-engineering.rs\/assets\/I_B-Capital-Nova-Pazova.png\" alt=\"\"><\/div>\n<div>\n<p>I&amp;B Capital Nova Pazova<\/p>\n<\/div>\n<\/div>\n<\/div>\n<div class=\"col-lg-4 col-md-4 col-xs-6\">\n<div class=\"client-logo\">\n<div><img decoding=\"async\" class=\"img-fluid\" src=\"https:\/\/www.dd-engineering.rs\/assets\/Iva-agrar.png\" alt=\"\"><\/div>\n<div>\n<p>Iva agrar<\/p>\n<\/div>\n<\/div>\n<\/div>\n<div class=\"col-lg-4 col-md-4 col-xs-6\">\n<div class=\"client-logo\">\n<div><img decoding=\"async\" class=\"img-fluid\" src=\"https:\/\/www.dd-engineering.rs\/assets\/Izoteks.png\" alt=\"\"><\/div>\n<div>\n<p>Izoteks<\/p>\n<\/div>\n<\/div>\n<\/div>\n<div class=\"col-lg-4 col-md-4 col-xs-6\">\n<div class=\"client-logo\">\n<div><img decoding=\"async\" class=\"img-fluid\" src=\"https:\/\/www.dd-engineering.rs\/assets\/KTM-Trans.png\" alt=\"\"><\/div>\n<div>\n<p>KTM Trans<\/p>\n<\/div>\n<\/div>\n<\/div>\n<div class=\"col-lg-4 col-md-4 col-xs-6\">\n<div class=\"client-logo\">\n<div><img decoding=\"async\" class=\"img-fluid\" src=\"https:\/\/www.dd-engineering.rs\/assets\/Makso-BB-doo-Bajina-Basta.png\" alt=\"\"><\/div>\n<div>\n<p>Makso BB doo Bajina Ba\u0161ta<\/p>\n<\/div>\n<\/div>\n<\/div>\n<div class=\"col-lg-4 col-md-4 col-xs-6\">\n<div class=\"client-logo\">\n<div><img decoding=\"async\" class=\"img-fluid\" src=\"https:\/\/www.dd-engineering.rs\/assets\/MDJ-Most-Novi-Sad.png\" alt=\"\"><\/div>\n<div>\n<p>MDJ Most Novi Sad<\/p>\n<\/div>\n<\/div>\n<\/div>\n<div class=\"col-lg-4 col-md-4 col-xs-6\">\n<div class=\"client-logo\">\n<div><img decoding=\"async\" class=\"img-fluid\" src=\"https:\/\/www.dd-engineering.rs\/assets\/Metalfer.png\" alt=\"\"><\/div>\n<div>\n<p>Metalfer<\/p>\n<\/div>\n<\/div>\n<\/div>\n<div class=\"col-lg-4 col-md-4 col-xs-6\">\n<div class=\"client-logo\">\n<div><img decoding=\"async\" class=\"img-fluid\" src=\"https:\/\/www.dd-engineering.rs\/assets\/Ras-Inzenjering.png\" alt=\"\"><\/div>\n<div>\n<p>Ras In\u017eenjering<\/p>\n<\/div>\n<\/div>\n<\/div>\n<div class=\"col-lg-4 col-md-4 col-xs-6\">\n<div class=\"client-logo\">\n<div><img decoding=\"async\" class=\"img-fluid\" src=\"https:\/\/www.dd-engineering.rs\/assets\/Ratko-Mitrovic-Construction.png\" alt=\"\"><\/div>\n<div>\n<p>Ratko Mitrovic Construction<\/p>\n<\/div>\n<\/div>\n<\/div>\n<div class=\"col-lg-4 col-md-4 col-xs-6\">\n<div class=\"client-logo\">\n<div><img decoding=\"async\" class=\"img-fluid\" src=\"https:\/\/www.dd-engineering.rs\/assets\/Refleks-sabac.png\" alt=\"\"><\/div>\n<div>\n<p>Refleks \u0160abac<\/p>\n<\/div>\n<\/div>\n<\/div>\n<div class=\"col-lg-4 col-md-4 col-xs-6\">\n<div class=\"client-logo\">\n<div><img decoding=\"async\" class=\"img-fluid\" src=\"https:\/\/www.dd-engineering.rs\/assets\/Resa-Gradnja.png\" alt=\"\"><\/div>\n<div>\n<p>Resa Gradnja<\/p>\n<\/div>\n<\/div>\n<\/div>\n<div class=\"col-lg-4 col-md-4 col-xs-6\">\n<div class=\"client-logo\">\n<div><img decoding=\"async\" class=\"img-fluid\" src=\"https:\/\/www.dd-engineering.rs\/assets\/SBB-Niskogradnja.png\" alt=\"\"><\/div>\n<div>\n<p>S.B.B. Niskogradnja<\/p>\n<\/div>\n<\/div>\n<\/div>\n<div class=\"col-lg-4 col-md-4 col-xs-6\">\n<div class=\"client-logo\">\n<div><img decoding=\"async\" class=\"img-fluid\" src=\"https:\/\/www.dd-engineering.rs\/assets\/Stan-projekt-Niskogradnja.png\" alt=\"\"><\/div>\n<div>\n<p>Stan projekt Niskogradnja<\/p>\n<\/div>\n<\/div>\n<\/div>\n<div class=\"col-lg-4 col-md-4 col-xs-6\">\n<div class=\"client-logo\">\n<div><img decoding=\"async\" class=\"img-fluid\" src=\"https:\/\/www.dd-engineering.rs\/assets\/UTG-Rast.png\" alt=\"\"><\/div>\n<div>\n<p>UTG Rast<\/p>\n<\/div>\n<\/div>\n<\/div>\n<\/div>\n<\/div>\n<\/section>\n<p><!--\/reference--><\/p>\n<p>&nbsp;<\/p>\n<p><\/main><!-- End #main -->&nbsp;<\/p>\n","protected":false},"excerpt":{"rendered":"<p>&nbsp; &nbsp; About us DD Engineering Solutions was founded on May 23rd, 2019. The company is represented by 2 graduate mechanical engineers with twenty years of experience in the maintenance and exploitation of machines, vehicles and plants for earthworks, concrete and asphalt works. &nbsp; Our activity The company&#8217;s activity is based on the sales of [&hellip;]<\/p>\n","protected":false},"author":1,"featured_media":0,"parent":0,"menu_order":0,"comment_status":"closed","ping_status":"closed","template":"fullwidth.php","meta":{"footnotes":""},"class_list":["post-7","page","type-page","status-publish","hentry"],"_links":{"self":[{"href":"https:\/\/dd-engineering.rs\/en\/wp-json\/wp\/v2\/pages\/7","targetHints":{"allow":["GET"]}}],"collection":[{"href":"https:\/\/dd-engineering.rs\/en\/wp-json\/wp\/v2\/pages"}],"about":[{"href":"https:\/\/dd-engineering.rs\/en\/wp-json\/wp\/v2\/types\/page"}],"author":[{"embeddable":true,"href":"https:\/\/dd-engineering.rs\/en\/wp-json\/wp\/v2\/users\/1"}],"replies":[{"embeddable":true,"href":"https:\/\/dd-engineering.rs\/en\/wp-json\/wp\/v2\/comments?post=7"}],"version-history":[{"count":8,"href":"https:\/\/dd-engineering.rs\/en\/wp-json\/wp\/v2\/pages\/7\/revisions"}],"predecessor-version":[{"id":97,"href":"https:\/\/dd-engineering.rs\/en\/wp-json\/wp\/v2\/pages\/7\/revisions\/97"}],"wp:attachment":[{"href":"https:\/\/dd-engineering.rs\/en\/wp-json\/wp\/v2\/media?parent=7"}],"curies":[{"name":"wp","href":"https:\/\/api.w.org\/{rel}","templated":true}]}}